{"id":14705,"date":"2022-04-29T15:49:07","date_gmt":"2022-04-29T13:49:07","guid":{"rendered":"https:\/\/www.cafferiver.com\/homepage\/"},"modified":"2025-12-18T17:25:42","modified_gmt":"2025-12-18T15:25:42","slug":"coffeeshop","status":"publish","type":"page","link":"https:\/\/www.coffeeoclock.com\/en\/","title":{"rendered":"Homepage"},"content":{"rendered":"<div class=\"wpb-content-wrapper\"><p>[vc_section full_width=&#8221;stretch_row&#8221; bg_pos=&#8221;left-center&#8221; bg_parallax=&#8221;disbled&#8221; css=&#8221;.vc_custom_1702373767108{background-image: url(https:\/\/www.coffeeoclock.com\/wp-content\/uploads\/2022\/05\/cafferiver-about-box-2.png?id=13940) !important;background-position: center !important;background-repeat: no-repeat !important;background-size: cover !important;}&#8221; el_id=&#8221;about&#8221;][vc_row content_placement=&#8221;top&#8221; bg_parallax=&#8221;disbled&#8221;][vc_column]<div class=\"es-resp\">\t<div class=\"hidden-sm hidden-ms hidden-xs\" style=\"height: 80px;\"><\/div>\t<div class=\"hidden-xl hidden-lg hidden-md hidden-xs\" style=\"height: 55px;\"><\/div>\t<div class=\"visible-xs\" style=\"height: 15px;\"><\/div><\/div>[vc_single_image image=&#8221;17621&#8243; img_size=&#8221;full&#8221; alignment=&#8221;center&#8221;][\/vc_column][\/vc_row][vc_row css_animation=&#8221;none&#8221; bg_pos=&#8221;left-center&#8221; bg_parallax=&#8221;disbled&#8221; el_class=&#8221;about mobile-pd&#8221;][vc_column css_animation=&#8221;zoomIn&#8221; width=&#8221;1\/2&#8243; offset=&#8221;vc_col-lg-5 vc_col-md-5&#8243;]<div class=\"heading  head-subheader align-left color-second subcolor-main transform-default brown  vc_custom_1702473327506\" id=\"like_sc_header_1130431089\"><h5 class=\"subheader\">COFFEE O'CLOCK<\/h5><h2 class=\"header\">The Coffeeshop in Arezzo<\/h2><\/div><div class=\"es-resp\">\t<div class=\"hidden-sm hidden-ms hidden-xs\" style=\"height: 26px;\"><\/div>\t<div class=\"hidden-xl hidden-lg hidden-md hidden-xs\" style=\"height: 26px;\"><\/div>\t<div class=\"visible-xs\" style=\"height: 26px;\"><\/div><\/div>[vc_column_text]<span style=\"font-family: Verdana, sans-serif;\">Coffee O&#8217;Clock \u00e8, dal 2000, il primo coffeeshop di Arezzo. <\/span><\/p>\n<p><span style=\"font-family: Verdana, sans-serif;\">Un quarto di secolo fa Coffee O&#8217;Clock cambi\u00f2 per sempre il rapporto degli Aretini con il caff\u00e8 espresso e vogliamo che continui ad essere il luogo perfetto per la tua colazione.<br \/>Qualunque siano i tuoi gusti, puoi essere certo che possiamo offrirti prodotti d&#8217;eccellenza, sani e gustosi, in un ambiente straordinario.<\/span>[\/vc_column_text][\/vc_column][vc_column css_animation=&#8221;slideInRight&#8221; width=&#8221;1\/2&#8243; bg_parallax=&#8221;disbled&#8221; el_class=&#8221;box-about&#8221; offset=&#8221;vc_hidden-sm vc_hidden-xs&#8221;][vc_single_image image=&#8221;17596&#8243; img_size=&#8221;full&#8221;]<div class=\"btn-wrap align-center btn-wrap-inline\"><a href=\"https:\/\/www.coffeeoclock.com\/wp-content\/uploads\/2025\/11\/menu_inverno_2025.pdf\"  target=\"_blank\"  class=\"btn  btn-second transform-default color-text-white color-hover-default align-center sh-neum-2 btn-cta cta-border\" id=\"like_sc_button_658262348\">Download the Menu<\/a><\/div>[\/vc_column][\/vc_row][vc_row full_height=&#8221;yes&#8221; columns_placement=&#8221;bottom&#8221; content_placement=&#8221;bottom&#8221; bg_parallax=&#8221;disbled&#8221; css=&#8221;.vc_custom_1700233564744{margin-bottom: 0px !important;border-bottom-width: 0px !important;padding-bottom: 0px !important;background-position: 0 0 !important;background-repeat: no-repeat !important;}&#8221;][vc_column][vc_row_inner equal_height=&#8221;yes&#8221; content_placement=&#8221;top&#8221; bg_parallax=&#8221;disbled&#8221;][vc_column_inner width=&#8221;1\/3&#8243; bg_parallax=&#8221;disbled&#8221;]<ul class=\"block-icon  icon-top align-left i-transparent layout-col1\" ><li class=\" icon-image\"><span class=\"icon-image bg-transparent\"><img src=\"https:\/\/www.coffeeoclock.com\/wp-content\/uploads\/2017\/09\/about-icon-1.png\" class=\"icon-image\" alt=\"COFFEE\"><\/span> <h5> COFFEE <\/h5> <div class=\"descr\">A superlative espresso coffee with Caff\u00e8 River K90 coffee blend, a refined combination of only BIO-certified Arabica coffees, and Caff\u00e8 River D10 coffee blend, a solid decaffeinated blend rigorously grounded instantly. <\/div><\/li><\/ul>[vc_single_image image=&#8221;18037&#8243; img_size=&#8221;full&#8221; style=&#8221;vc_box_outline&#8221; border_color=&#8221;black&#8221; css_animation=&#8221;zoomIn&#8221; css=&#8221;.vc_custom_1747296547430{margin-top: 0px !important;margin-bottom: 0px !important;margin-left: 0px !important;border-top-width: 0px !important;border-bottom-width: 0px !important;border-left-width: 0px !important;padding-top: 0px !important;padding-bottom: 0px !important;padding-left: 0px !important;}&#8221;]<ul class=\"block-icon  icon-top align-left i-transparent layout-col1\" ><li><span class=\"icon-text bg-transparent\"><\/span><div class=\"descr\">By combining our espresso with fresh organic milk or veg alternatives, we offer you dozens of different coffee-based drinks: from national and international standards to our own continuously updated creations.<\/div><\/li><\/ul>[vc_btn title=&#8221;Find out more&#8221; style=&#8221;classic&#8221; color=&#8221;chino&#8221; align=&#8221;right&#8221; link=&#8221;url:https%3A%2F%2Fwww.cafferiver.com%2Fcaffe%2F|target:_blank|&#8221;][\/vc_column_inner][vc_column_inner width=&#8221;1\/3&#8243;]<ul class=\"block-icon  icon-top align-left i-transparent layout-col1\" ><li class=\" icon-image\"><span class=\"icon-image bg-transparent\"><img src=\"https:\/\/www.coffeeoclock.com\/wp-content\/uploads\/2023\/10\/cornetto-icon.png\" class=\"icon-image\" alt=\"BAKERY\"><\/span> <h5> BAKERY <\/h5> <div class=\"descr\">Whether traditional, sophisticated or veg, our croissants are always crispy on the outside, soft on the inside and we can enrich them instantly with the filling you want.<\/div><\/li><\/ul>[vc_images_carousel images=&#8221;18071,18073,18075,18077,18079,18081,18091,18069&#8243; img_size=&#8221;full&#8221; autoplay=&#8221;yes&#8221; hide_pagination_control=&#8221;yes&#8221; wrap=&#8221;yes&#8221; css=&#8221;.vc_custom_1747296614632{margin-top: 0px !important;margin-right: 0px !important;margin-bottom: 0px !important;margin-left: 0px !important;border-top-width: 0px !important;border-right-width: 0px !important;border-bottom-width: 0px !important;border-left-width: 0px !important;padding-top: 0px !important;padding-right: 0px !important;padding-bottom: 0px !important;padding-left: 0px !important;}&#8221;]<ul class=\"block-icon  icon-top align-left i-transparent layout-col1\" ><li><span class=\"icon-text bg-transparent\"><\/span><div class=\"descr\">Don&#039;t you have a sweet tooth? You can&#039;t go wrong: whether they are classics or newer, more tantalizing combinations, we offer you a tasty selection of sandwiches made with our famous top-quality fillings.<\/div><\/li><\/ul>[\/vc_column_inner][vc_column_inner width=&#8221;1\/3&#8243;]<ul class=\"block-icon  icon-top align-left i-transparent layout-col1\" ><li class=\" icon-image\"><span class=\"icon-image bg-transparent\"><img src=\"https:\/\/www.coffeeoclock.com\/wp-content\/uploads\/2023\/10\/carota-icon.png\" class=\"icon-image\" alt=\"JUICE BAR\"><\/span> <h5> JUICE BAR <\/h5> <div class=\"descr\">A delicious breakfast that makes your day more active and healthy, with the taste and freshness of our fruit and vegetable juice extracts!\n<\/div><\/li><\/ul>[vc_single_image image=&#8221;18042&#8243; img_size=&#8221;full&#8221; style=&#8221;vc_box_outline&#8221; border_color=&#8221;black&#8221; css_animation=&#8221;zoomIn&#8221; css=&#8221;.vc_custom_1700749996310{margin-top: 0px !important;margin-right: 0px !important;margin-bottom: 0px !important;margin-left: 0px !important;border-top-width: 0px !important;border-right-width: 0px !important;border-bottom-width: 0px !important;border-left-width: 0px !important;padding-top: 0px !important;padding-right: 0px !important;padding-bottom: 0px !important;padding-left: 0px !important;}&#8221;]<ul class=\"block-icon  icon-top align-left i-transparent layout-col1\" ><li><span class=\"icon-text bg-transparent\"><\/span><div class=\"descr\">We prepare them for you every morning by extracting the juice of only strictly certified organic fruit and vegetables and for the most part at zero Km, self-produced on the hills of Anghiari by Ortobono, a great organic specialist.<\/div><\/li><\/ul>[\/vc_column_inner][\/vc_row_inner][vc_single_image image=&#8221;18777&#8243; alignment=&#8221;center&#8221; style=&#8221;vc_box_rounded&#8221; onclick=&#8221;custom_link&#8221; img_link_target=&#8221;_blank&#8221; css=&#8221;&#8221; title=&#8221;Menu dei Bubble Tea!&#8221; link=&#8221;https:\/\/www.coffeeoclock.com\/wp-content\/uploads\/2025\/05\/menu-bubble-tea.png&#8221;][vc_single_image image=&#8221;18048&#8243; img_size=&#8221;3000&#215;150&#8243; alignment=&#8221;center&#8221; css_animation=&#8221;fadeInUpBig&#8221; css=&#8221;.vc_custom_1702473866901{margin-bottom: 0px !important;border-bottom-width: 0px !important;padding-top: 130px !important;padding-bottom: 0px !important;background-image: url(https:\/\/www.coffeeoclock.com\/wp-content\/uploads\/2023\/11\/faces.png?id=18063) !important;background-position: center !important;background-repeat: no-repeat !important;background-size: cover !important;}&#8221;][\/vc_column][\/vc_row][\/vc_section]<\/p>\n<\/div>","protected":false},"excerpt":{"rendered":"<p>[vc_section full_width=&#8221;stretch_row&#8221; bg_pos=&#8221;left-center&#8221; bg_parallax=&#8221;disbled&#8221; css=&#8221;.vc_custom_1702373767108{background-image: url(https:\/\/www.coffeeoclock.com\/wp-content\/uploads\/2022\/05\/cafferiver-about-box-2.png?id=13940) !important;background-position: center !important;background-repeat: no-repeat !important;background-size: cover !important;}&#8221; el_id=&#8221;about&#8221;][vc_row content_placement=&#8221;top&#8221; bg_parallax=&#8221;disbled&#8221;][vc_column][vc_single_image image=&#8221;17621&#8243; img_size=&#8221;full&#8221; alignment=&#8221;center&#8221;][\/vc_column][\/vc_row][vc_row css_animation=&#8221;none&#8221; bg_pos=&#8221;left-center&#8221; bg_parallax=&#8221;disbled&#8221; el_class=&#8221;about mobile-pd&#8221;][vc_column css_animation=&#8221;zoomIn&#8221; width=&#8221;1\/2&#8243; offset=&#8221;vc_col-lg-5 vc_col-md-5&#8243;][vc_column_text]Coffee O&#8217;Clock \u00e8, dal 2000, il primo coffeeshop di Arezzo. Un quarto di secolo fa Coffee O&#8217;Clock cambi\u00f2 per sempre il rapporto degli Aretini con il caff\u00e8 espresso [&hellip;]<\/p>\n","protected":false},"author":15,"featured_media":17590,"parent":0,"menu_order":0,"comment_status":"closed","ping_status":"closed","template":"","meta":[],"yoast_head":"<!-- This site is optimized with the Yoast SEO plugin v20.3 - https:\/\/yoast.com\/wordpress\/plugins\/seo\/ -->\n<title>coffeeshop<\/title>\n<meta name=\"description\" content=\"Coffeeshop Coffee O&#039;Clock ad Arezzo dal 2000 - Coffee O&#039;Clock cambi\u00f2 per sempre il rapporto degli Aretini con il caff\u00e8 espresso.\" \/>\n<meta name=\"robots\" content=\"index, follow, max-snippet:-1, max-image-preview:large, max-video-preview:-1\" \/>\n<link rel=\"canonical\" href=\"https:\/\/www.coffeeoclock.com\/en\/\" \/>\n<meta property=\"og:locale\" content=\"en_US\" \/>\n<meta property=\"og:type\" content=\"article\" \/>\n<meta property=\"og:title\" content=\"coffeeshop\" \/>\n<meta property=\"og:description\" content=\"Coffeeshop Coffee O&#039;Clock ad Arezzo dal 2000 - Coffee O&#039;Clock cambi\u00f2 per sempre il rapporto degli Aretini con il caff\u00e8 espresso.\" \/>\n<meta property=\"og:url\" content=\"https:\/\/www.coffeeoclock.com\/en\/\" \/>\n<meta property=\"og:site_name\" content=\"Coffee O&#039;Clock\" \/>\n<meta property=\"article:publisher\" content=\"https:\/\/www.facebook.com\/cafferiver.officialpage\" \/>\n<meta property=\"article:modified_time\" content=\"2025-12-18T15:25:42+00:00\" \/>\n<meta property=\"og:image\" content=\"https:\/\/www.coffeeoclock.com\/wp-content\/uploads\/2023\/10\/cactus.jpg\" \/>\n\t<meta property=\"og:image:width\" content=\"481\" \/>\n\t<meta property=\"og:image:height\" content=\"369\" \/>\n\t<meta property=\"og:image:type\" content=\"image\/jpeg\" \/>\n<meta name=\"twitter:card\" content=\"summary_large_image\" \/>\n<meta name=\"twitter:site\" content=\"@Caffe_River\" \/>\n<meta name=\"twitter:label1\" content=\"Est. reading time\" \/>\n\t<meta name=\"twitter:data1\" content=\"2 minutes\" \/>\n<script type=\"application\/ld+json\" class=\"yoast-schema-graph\">{\"@context\":\"https:\/\/schema.org\",\"@graph\":[{\"@type\":\"WebPage\",\"@id\":\"https:\/\/www.coffeeoclock.com\/en\/\",\"url\":\"https:\/\/www.coffeeoclock.com\/en\/\",\"name\":\"coffeeshop\",\"isPartOf\":{\"@id\":\"https:\/\/www.coffeeoclock.com\/#website\"},\"datePublished\":\"2022-04-29T13:49:07+00:00\",\"dateModified\":\"2025-12-18T15:25:42+00:00\",\"description\":\"Coffeeshop Coffee O'Clock ad Arezzo dal 2000 - Coffee O'Clock cambi\u00f2 per sempre il rapporto degli Aretini con il caff\u00e8 espresso.\",\"breadcrumb\":{\"@id\":\"https:\/\/www.coffeeoclock.com\/en\/#breadcrumb\"},\"inLanguage\":\"en-US\",\"potentialAction\":[{\"@type\":\"ReadAction\",\"target\":[\"https:\/\/www.coffeeoclock.com\/en\/\"]}]},{\"@type\":\"BreadcrumbList\",\"@id\":\"https:\/\/www.coffeeoclock.com\/en\/#breadcrumb\",\"itemListElement\":[{\"@type\":\"ListItem\",\"position\":1,\"name\":\"Home\",\"item\":\"https:\/\/www.coffeeoclock.com\/en\/\"},{\"@type\":\"ListItem\",\"position\":2,\"name\":\"Homepage\"}]},{\"@type\":\"WebSite\",\"@id\":\"https:\/\/www.coffeeoclock.com\/#website\",\"url\":\"https:\/\/www.coffeeoclock.com\/\",\"name\":\"Coffee O&#039;Clock\",\"description\":\"Il coffeeshop di Arezzo dal 2000\",\"publisher\":{\"@id\":\"https:\/\/www.coffeeoclock.com\/#organization\"},\"alternateName\":\"cafferiver.com\",\"potentialAction\":[{\"@type\":\"SearchAction\",\"target\":{\"@type\":\"EntryPoint\",\"urlTemplate\":\"https:\/\/www.coffeeoclock.com\/?s={search_term_string}\"},\"query-input\":\"required name=search_term_string\"}],\"inLanguage\":\"en-US\"},{\"@type\":\"Organization\",\"@id\":\"https:\/\/www.coffeeoclock.com\/#organization\",\"name\":\"Caff\u00e8 River\",\"alternateName\":\"Caff\u00e8 River\",\"url\":\"https:\/\/www.coffeeoclock.com\/\",\"logo\":{\"@type\":\"ImageObject\",\"inLanguage\":\"en-US\",\"@id\":\"https:\/\/www.coffeeoclock.com\/#\/schema\/logo\/image\/\",\"url\":\"https:\/\/www.cafferiver.com\/wp-content\/uploads\/2022\/02\/logo.png\",\"contentUrl\":\"https:\/\/www.cafferiver.com\/wp-content\/uploads\/2022\/02\/logo.png\",\"width\":250,\"height\":58,\"caption\":\"Caff\u00e8 River\"},\"image\":{\"@id\":\"https:\/\/www.coffeeoclock.com\/#\/schema\/logo\/image\/\"},\"sameAs\":[\"https:\/\/www.facebook.com\/cafferiver.officialpage\",\"https:\/\/twitter.com\/Caffe_River\"]}]}<\/script>\n<!-- \/ Yoast SEO plugin. -->","yoast_head_json":{"title":"coffeeshop","description":"Coffeeshop Coffee O'Clock ad Arezzo dal 2000 - Coffee O'Clock cambi\u00f2 per sempre il rapporto degli Aretini con il caff\u00e8 espresso.","robots":{"index":"index","follow":"follow","max-snippet":"max-snippet:-1","max-image-preview":"max-image-preview:large","max-video-preview":"max-video-preview:-1"},"canonical":"https:\/\/www.coffeeoclock.com\/en\/","og_locale":"en_US","og_type":"article","og_title":"coffeeshop","og_description":"Coffeeshop Coffee O'Clock ad Arezzo dal 2000 - Coffee O'Clock cambi\u00f2 per sempre il rapporto degli Aretini con il caff\u00e8 espresso.","og_url":"https:\/\/www.coffeeoclock.com\/en\/","og_site_name":"Coffee O&#039;Clock","article_publisher":"https:\/\/www.facebook.com\/cafferiver.officialpage","article_modified_time":"2025-12-18T15:25:42+00:00","og_image":[{"width":481,"height":369,"url":"https:\/\/www.coffeeoclock.com\/wp-content\/uploads\/2023\/10\/cactus.jpg","type":"image\/jpeg"}],"twitter_card":"summary_large_image","twitter_site":"@Caffe_River","twitter_misc":{"Est. reading time":"2 minutes"},"schema":{"@context":"https:\/\/schema.org","@graph":[{"@type":"WebPage","@id":"https:\/\/www.coffeeoclock.com\/en\/","url":"https:\/\/www.coffeeoclock.com\/en\/","name":"coffeeshop","isPartOf":{"@id":"https:\/\/www.coffeeoclock.com\/#website"},"datePublished":"2022-04-29T13:49:07+00:00","dateModified":"2025-12-18T15:25:42+00:00","description":"Coffeeshop Coffee O'Clock ad Arezzo dal 2000 - Coffee O'Clock cambi\u00f2 per sempre il rapporto degli Aretini con il caff\u00e8 espresso.","breadcrumb":{"@id":"https:\/\/www.coffeeoclock.com\/en\/#breadcrumb"},"inLanguage":"en-US","potentialAction":[{"@type":"ReadAction","target":["https:\/\/www.coffeeoclock.com\/en\/"]}]},{"@type":"BreadcrumbList","@id":"https:\/\/www.coffeeoclock.com\/en\/#breadcrumb","itemListElement":[{"@type":"ListItem","position":1,"name":"Home","item":"https:\/\/www.coffeeoclock.com\/en\/"},{"@type":"ListItem","position":2,"name":"Homepage"}]},{"@type":"WebSite","@id":"https:\/\/www.coffeeoclock.com\/#website","url":"https:\/\/www.coffeeoclock.com\/","name":"Coffee O&#039;Clock","description":"Il coffeeshop di Arezzo dal 2000","publisher":{"@id":"https:\/\/www.coffeeoclock.com\/#organization"},"alternateName":"cafferiver.com","potentialAction":[{"@type":"SearchAction","target":{"@type":"EntryPoint","urlTemplate":"https:\/\/www.coffeeoclock.com\/?s={search_term_string}"},"query-input":"required name=search_term_string"}],"inLanguage":"en-US"},{"@type":"Organization","@id":"https:\/\/www.coffeeoclock.com\/#organization","name":"Caff\u00e8 River","alternateName":"Caff\u00e8 River","url":"https:\/\/www.coffeeoclock.com\/","logo":{"@type":"ImageObject","inLanguage":"en-US","@id":"https:\/\/www.coffeeoclock.com\/#\/schema\/logo\/image\/","url":"https:\/\/www.cafferiver.com\/wp-content\/uploads\/2022\/02\/logo.png","contentUrl":"https:\/\/www.cafferiver.com\/wp-content\/uploads\/2022\/02\/logo.png","width":250,"height":58,"caption":"Caff\u00e8 River"},"image":{"@id":"https:\/\/www.coffeeoclock.com\/#\/schema\/logo\/image\/"},"sameAs":["https:\/\/www.facebook.com\/cafferiver.officialpage","https:\/\/twitter.com\/Caffe_River"]}]}},"_links":{"self":[{"href":"https:\/\/www.coffeeoclock.com\/en\/wp-json\/wp\/v2\/pages\/14705"}],"collection":[{"href":"https:\/\/www.coffeeoclock.com\/en\/wp-json\/wp\/v2\/pages"}],"about":[{"href":"https:\/\/www.coffeeoclock.com\/en\/wp-json\/wp\/v2\/types\/page"}],"author":[{"embeddable":true,"href":"https:\/\/www.coffeeoclock.com\/en\/wp-json\/wp\/v2\/users\/15"}],"replies":[{"embeddable":true,"href":"https:\/\/www.coffeeoclock.com\/en\/wp-json\/wp\/v2\/comments?post=14705"}],"version-history":[{"count":3,"href":"https:\/\/www.coffeeoclock.com\/en\/wp-json\/wp\/v2\/pages\/14705\/revisions"}],"predecessor-version":[{"id":18844,"href":"https:\/\/www.coffeeoclock.com\/en\/wp-json\/wp\/v2\/pages\/14705\/revisions\/18844"}],"wp:featuredmedia":[{"embeddable":true,"href":"https:\/\/www.coffeeoclock.com\/en\/wp-json\/wp\/v2\/media\/17590"}],"wp:attachment":[{"href":"https:\/\/www.coffeeoclock.com\/en\/wp-json\/wp\/v2\/media?parent=14705"}],"curies":[{"name":"wp","href":"https:\/\/api.w.org\/{rel}","templated":true}]}}